{"id":1024,"date":"2019-05-20T08:21:40","date_gmt":"2019-05-20T06:21:40","guid":{"rendered":"https:\/\/ostravskamuzejninoc.cz\/2019\/?page_id=1024"},"modified":"2019-05-20T08:27:19","modified_gmt":"2019-05-20T06:27:19","slug":"kontakt","status":"publish","type":"page","link":"https:\/\/2019.ostravskamuzejninoc.cz\/en\/kontakt\/","title":{"rendered":"Contact"},"content":{"rendered":"<h1>Contact<\/h1>\n<div class=\"entry-content\">\n<h3>PhDr. Jana \u0160ruba\u0159ov\u00e1<\/h3>\n<p>PR manager Gallery of Fine Arts in Ostrava<\/p>\n<p>e-mail:\u00a0<a href=\"mailto:srubarova@gvuo.cz\">srubarova@gvuo.cz<\/a><br \/>\n+420 731 691 563, +420 596 112 566<\/p>\n<h3>Bc. Andrea W\u0119glarzyov\u00e1<\/h3>\n<p>Museum of Ostrava<\/p>\n<p>email:\u00a0<a href=\"mailto:andrea.weg@ostrmuz.cz\">andrea.weg@ostrmuz.cz<\/a><br \/>\n+420 777 012 808, +420 597 578 468<\/p>\n<\/div>\n","protected":false},"excerpt":{"rendered":"<p> &hellip;<\/p>\n","protected":false},"author":1,"featured_media":0,"parent":0,"menu_order":0,"comment_status":"closed","ping_status":"closed","template":"","meta":[],"_links":{"self":[{"href":"https:\/\/2019.ostravskamuzejninoc.cz\/en\/wp-json\/wp\/v2\/pages\/1024"}],"collection":[{"href":"https:\/\/2019.ostravskamuzejninoc.cz\/en\/wp-json\/wp\/v2\/pages"}],"about":[{"href":"https:\/\/2019.ostravskamuzejninoc.cz\/en\/wp-json\/wp\/v2\/types\/page"}],"author":[{"embeddable":true,"href":"https:\/\/2019.ostravskamuzejninoc.cz\/en\/wp-json\/wp\/v2\/users\/1"}],"replies":[{"embeddable":true,"href":"https:\/\/2019.ostravskamuzejninoc.cz\/en\/wp-json\/wp\/v2\/comments?post=1024"}],"version-history":[{"count":5,"href":"https:\/\/2019.ostravskamuzejninoc.cz\/en\/wp-json\/wp\/v2\/pages\/1024\/revisions"}],"predecessor-version":[{"id":1029,"href":"https:\/\/2019.ostravskamuzejninoc.cz\/en\/wp-json\/wp\/v2\/pages\/1024\/revisions\/1029"}],"wp:attachment":[{"href":"https:\/\/2019.ostravskamuzejninoc.cz\/en\/wp-json\/wp\/v2\/media?parent=1024"}],"curies":[{"name":"wp","href":"https:\/\/api.w.org\/{rel}","templated":true}]}}