{"id":1031,"date":"2019-05-20T08:28:04","date_gmt":"2019-05-20T06:28:04","guid":{"rendered":"https:\/\/ostravskamuzejninoc.cz\/2019\/?page_id=1031"},"modified":"2019-06-06T10:39:37","modified_gmt":"2019-06-06T08:39:37","slug":"doprava","status":"publish","type":"page","link":"https:\/\/2019.ostravskamuzejninoc.cz\/en\/doprava\/","title":{"rendered":"Transport"},"content":{"rendered":"<h1>Transport<\/h1>\n<p>Public Transport Company Ostrava will organise special bus lines free-of-charge that will ensure transport of visitors between places of Ostrava Museum Night. There will be four bus lines indicated by letters A, B, C, and D with a shared starting point V\u00fdstavi\u0161t\u011b. The buses depart every 5th, 25th and 45th minute in an hour. On V\u00fdstavi\u0161t\u011b stop it will be possible to change buses so that visitors can see all the places of interest.<\/p>\n<h3>Transport on all museum lines is free-of-charge.<\/h3>\n<h1>Time tables<\/h1>\n<p><a href=\"https:\/\/2019.ostravskamuzejninoc.cz\/wp-content\/uploads\/2019\/05\/2019_omn_doprava_linka_a_b.pdf\">Time tables lines A a B<\/a><\/p>\n<p><a href=\"https:\/\/2019.ostravskamuzejninoc.cz\/wp-content\/uploads\/2019\/05\/2019_omn_doprava_linka_c_d.pdf\">Time tables lines C a D<\/a><\/p>\n<div id='gallery-1' class='gallery galleryid-1031 gallery-columns-2 gallery-size-large'><figure class='gallery-item'>\n\t\t\t<div class='gallery-icon landscape'>\n\t\t\t\t<a href='https:\/\/2019.ostravskamuzejninoc.cz\/wp-content\/uploads\/2019\/05\/2019_omn_doprava_mapa_b.jpg'><img width=\"1024\" height=\"724\" src=\"https:\/\/2019.ostravskamuzejninoc.cz\/wp-content\/uploads\/2019\/05\/2019_omn_doprava_mapa_b-1024x724.jpg\" class=\"attachment-large size-large\" alt=\"\" loading=\"lazy\" srcset=\"https:\/\/2019.ostravskamuzejninoc.cz\/wp-content\/uploads\/2019\/05\/2019_omn_doprava_mapa_b-1024x724.jpg 1024w, https:\/\/2019.ostravskamuzejninoc.cz\/wp-content\/uploads\/2019\/05\/2019_omn_doprava_mapa_b-300x212.jpg 300w, https:\/\/2019.ostravskamuzejninoc.cz\/wp-content\/uploads\/2019\/05\/2019_omn_doprava_mapa_b-768x543.jpg 768w, https:\/\/2019.ostravskamuzejninoc.cz\/wp-content\/uploads\/2019\/05\/2019_omn_doprava_mapa_b-173x122.jpg 173w, https:\/\/2019.ostravskamuzejninoc.cz\/wp-content\/uploads\/2019\/05\/2019_omn_doprava_mapa_b.jpg 1240w\" sizes=\"(max-width: 1024px) 100vw, 1024px\" \/><\/a>\n\t\t\t<\/div><\/figure><figure class='gallery-item'>\n\t\t\t<div class='gallery-icon landscape'>\n\t\t\t\t<a href='https:\/\/2019.ostravskamuzejninoc.cz\/wp-content\/uploads\/2019\/05\/2019_omn_doprava_mapa_a.jpg'><img width=\"1024\" height=\"724\" src=\"https:\/\/2019.ostravskamuzejninoc.cz\/wp-content\/uploads\/2019\/05\/2019_omn_doprava_mapa_a-1024x724.jpg\" class=\"attachment-large size-large\" alt=\"\" loading=\"lazy\" srcset=\"https:\/\/2019.ostravskamuzejninoc.cz\/wp-content\/uploads\/2019\/05\/2019_omn_doprava_mapa_a-1024x724.jpg 1024w, https:\/\/2019.ostravskamuzejninoc.cz\/wp-content\/uploads\/2019\/05\/2019_omn_doprava_mapa_a-300x212.jpg 300w, https:\/\/2019.ostravskamuzejninoc.cz\/wp-content\/uploads\/2019\/05\/2019_omn_doprava_mapa_a-768x543.jpg 768w, https:\/\/2019.ostravskamuzejninoc.cz\/wp-content\/uploads\/2019\/05\/2019_omn_doprava_mapa_a-173x122.jpg 173w, https:\/\/2019.ostravskamuzejninoc.cz\/wp-content\/uploads\/2019\/05\/2019_omn_doprava_mapa_a.jpg 1240w\" sizes=\"(max-width: 1024px) 100vw, 1024px\" \/><\/a>\n\t\t\t<\/div><\/figure>\n\t\t<\/div>\n\n","protected":false},"excerpt":{"rendered":"<p> &hellip;<\/p>\n","protected":false},"author":1,"featured_media":0,"parent":0,"menu_order":0,"comment_status":"closed","ping_status":"closed","template":"","meta":[],"_links":{"self":[{"href":"https:\/\/2019.ostravskamuzejninoc.cz\/en\/wp-json\/wp\/v2\/pages\/1031"}],"collection":[{"href":"https:\/\/2019.ostravskamuzejninoc.cz\/en\/wp-json\/wp\/v2\/pages"}],"about":[{"href":"https:\/\/2019.ostravskamuzejninoc.cz\/en\/wp-json\/wp\/v2\/types\/page"}],"author":[{"embeddable":true,"href":"https:\/\/2019.ostravskamuzejninoc.cz\/en\/wp-json\/wp\/v2\/users\/1"}],"replies":[{"embeddable":true,"href":"https:\/\/2019.ostravskamuzejninoc.cz\/en\/wp-json\/wp\/v2\/comments?post=1031"}],"version-history":[{"count":9,"href":"https:\/\/2019.ostravskamuzejninoc.cz\/en\/wp-json\/wp\/v2\/pages\/1031\/revisions"}],"predecessor-version":[{"id":1036,"href":"https:\/\/2019.ostravskamuzejninoc.cz\/en\/wp-json\/wp\/v2\/pages\/1031\/revisions\/1036"}],"wp:attachment":[{"href":"https:\/\/2019.ostravskamuzejninoc.cz\/en\/wp-json\/wp\/v2\/media?parent=1031"}],"curies":[{"name":"wp","href":"https:\/\/api.w.org\/{rel}","templated":true}]}}