{"id":1007,"date":"2019-05-20T08:07:00","date_gmt":"2019-05-20T06:07:00","guid":{"rendered":"https:\/\/ostravskamuzejninoc.cz\/2019\/?page_id=1007"},"modified":"2019-06-06T10:09:19","modified_gmt":"2019-06-06T08:09:19","slug":"partneri","status":"publish","type":"page","link":"https:\/\/2019.ostravskamuzejninoc.cz\/pl\/partneri\/","title":{"rendered":"Partnerzy"},"content":{"rendered":"<h1><strong>Partnerzy<\/strong><\/h1>\n<p>Festiwal zosta\u0142 wsparty finansowo przez Kraj morawsko-\u015bl\u0105ski oraz Miasto Statutowe Ostrawa<\/p>\n<table>\n<tbody>\n<tr>\n<td width=\"25%\"><a href=\"https:\/\/www.msk.cz\/\" target=\"_blank\" rel=\"noopener noreferrer\"><img loading=\"lazy\" class=\"wp-image-780 aligncenter\" src=\"https:\/\/2017.ostravskamuzejninoc.cz\/wp-content\/uploads\/2017\/05\/moravskoslezsky_kraj.png\" sizes=\"(max-width: 300px) 100vw, 300px\" srcset=\"https:\/\/2017.ostravskamuzejninoc.cz\/wp-content\/uploads\/2017\/05\/moravskoslezsky_kraj.png 300w, https:\/\/2017.ostravskamuzejninoc.cz\/wp-content\/uploads\/2017\/05\/moravskoslezsky_kraj-184x61.png 184w\" alt=\"\" width=\"200\" height=\"254\" \/><\/a><\/td>\n<td width=\"25%\">\u00a0<a href=\"https:\/\/www.ostrava.cz\/cs\"><img loading=\"lazy\" class=\"wp-image-1011 size-full aligncenter\" src=\"https:\/\/2019.ostravskamuzejninoc.cz\/wp-content\/uploads\/2019\/05\/SAMETOVA-logo_web.png\" alt=\"\" width=\"180\" height=\"54\" srcset=\"https:\/\/2019.ostravskamuzejninoc.cz\/wp-content\/uploads\/2019\/05\/SAMETOVA-logo_web.png 180w, https:\/\/2019.ostravskamuzejninoc.cz\/wp-content\/uploads\/2019\/05\/SAMETOVA-logo_web-173x52.png 173w\" sizes=\"(max-width: 180px) 100vw, 180px\" \/><\/a><\/td>\n<td width=\"25%\"><\/td>\n<td width=\"25%\"><\/td>\n<\/tr>\n<\/tbody>\n<\/table>\n<table>\n<tbody>\n<tr>\n<td width=\"25%\"><strong>Partner medialny:<\/strong><\/td>\n<td width=\"25%\"><a href=\"https:\/\/www.rozhlas.cz\/ostrava\/portal\/\" target=\"_blank\" rel=\"noopener noreferrer\"><img loading=\"lazy\" class=\"wp-image-778 aligncenter\" src=\"https:\/\/2017.ostravskamuzejninoc.cz\/wp-content\/uploads\/2017\/05\/cro.png\" sizes=\"(max-width: 300px) 100vw, 300px\" srcset=\"https:\/\/2017.ostravskamuzejninoc.cz\/wp-content\/uploads\/2017\/05\/cro.png 300w, https:\/\/2017.ostravskamuzejninoc.cz\/wp-content\/uploads\/2017\/05\/cro-184x61.png 184w\" alt=\"\" width=\"200\" height=\"201\" \/><\/a><\/td>\n<td width=\"25%\"><\/td>\n<td width=\"25%\"><\/td>\n<\/tr>\n<\/tbody>\n<\/table>\n<table>\n<tbody>\n<tr>\n<td width=\"25%\"><strong>Partnerzy:<\/strong><\/td>\n<td width=\"25%\"><a href=\"https:\/\/www.dpo.cz\" target=\"_blank\" rel=\"noopener noreferrer\"><img loading=\"lazy\" class=\"wp-image-779 aligncenter\" src=\"https:\/\/2017.ostravskamuzejninoc.cz\/wp-content\/uploads\/2017\/05\/dpo.png\" sizes=\"(max-width: 300px) 100vw, 300px\" srcset=\"https:\/\/2017.ostravskamuzejninoc.cz\/wp-content\/uploads\/2017\/05\/dpo.png 300w, https:\/\/2017.ostravskamuzejninoc.cz\/wp-content\/uploads\/2017\/05\/dpo-184x61.png 184w\" alt=\"\" width=\"200\" height=\"133\" \/><\/a><\/td>\n<td width=\"25%\"><a href=\"https:\/\/www.retisgroup.cz\/\" target=\"_blank\" rel=\"noopener noreferrer\"><img loading=\"lazy\" class=\"aligncenter wp-image-783\" src=\"https:\/\/2017.ostravskamuzejninoc.cz\/wp-content\/uploads\/2017\/05\/retis.png\" sizes=\"(max-width: 300px) 100vw, 300px\" srcset=\"https:\/\/2017.ostravskamuzejninoc.cz\/wp-content\/uploads\/2017\/05\/retis.png 300w, https:\/\/2017.ostravskamuzejninoc.cz\/wp-content\/uploads\/2017\/05\/retis-184x61.png 184w\" alt=\"\" width=\"200\" height=\"150\" \/><\/a><\/td>\n<td width=\"25%\"><a href=\"https:\/\/www.cz-museums.cz\/web\/amg\/titulni\" target=\"_blank\" rel=\"noopener noreferrer\"><img loading=\"lazy\" class=\"wp-image-776 aligncenter\" src=\"https:\/\/2017.ostravskamuzejninoc.cz\/wp-content\/uploads\/2017\/05\/amg.png\" sizes=\"(max-width: 300px) 100vw, 300px\" srcset=\"https:\/\/2017.ostravskamuzejninoc.cz\/wp-content\/uploads\/2017\/05\/amg.png 300w, https:\/\/2017.ostravskamuzejninoc.cz\/wp-content\/uploads\/2017\/05\/amg-184x61.png 184w\" alt=\"\" width=\"200\" height=\"126\" \/><\/a><\/td>\n<\/tr>\n<\/tbody>\n<\/table>\n<table>\n<tbody>\n<tr>\n<td width=\"25%\"><a href=\"http:\/\/ovanet.cz\/\" target=\"_blank\" rel=\"noopener noreferrer\"><img loading=\"lazy\" class=\"aligncenter wp-image-781\" src=\"https:\/\/2017.ostravskamuzejninoc.cz\/wp-content\/uploads\/2017\/05\/ova_net.png\" sizes=\"(max-width: 300px) 100vw, 300px\" srcset=\"https:\/\/2017.ostravskamuzejninoc.cz\/wp-content\/uploads\/2017\/05\/ova_net.png 300w, https:\/\/2017.ostravskamuzejninoc.cz\/wp-content\/uploads\/2017\/05\/ova_net-184x61.png 184w\" alt=\"\" width=\"200\" height=\"133\" \/><\/a><\/td>\n<td width=\"25%\"><a href=\"https:\/\/program.mise.cz\/\" target=\"_blank\" rel=\"noopener noreferrer\"><img loading=\"lazy\" class=\"wp-image-782 size-full aligncenter\" src=\"https:\/\/2017.ostravskamuzejninoc.cz\/wp-content\/uploads\/2017\/05\/program.png\" sizes=\"(max-width: 300px) 100vw, 300px\" srcset=\"https:\/\/2017.ostravskamuzejninoc.cz\/wp-content\/uploads\/2017\/05\/program.png 300w, https:\/\/2017.ostravskamuzejninoc.cz\/wp-content\/uploads\/2017\/05\/program-184x61.png 184w\" alt=\"\" width=\"200\" height=\"80\" \/><\/a><\/td>\n<td width=\"25%\">\u00a0<a href=\"http:\/\/seepoint.cz\/\" target=\"_blank\" rel=\"noopener noreferrer\"><img loading=\"lazy\" class=\"aligncenter wp-image-435\" src=\"https:\/\/2018.ostravskamuzejninoc.cz\/wp-content\/uploads\/2018\/05\/seepoint-250x100.png\" alt=\"\" width=\"123\" height=\"54\" \/><\/a><\/td>\n<td width=\"25%\"><a href=\"https:\/\/www.rengl.cz\/\" target=\"_blank\" rel=\"noopener noreferrer\"><img loading=\"lazy\" class=\"aligncenter wp-image-1008\" src=\"https:\/\/2019.ostravskamuzejninoc.cz\/wp-content\/uploads\/2019\/05\/rengl.png\" alt=\"\" width=\"100\" height=\"57\" \/><\/a><\/td>\n<\/tr>\n<\/tbody>\n<\/table>\n<table>\n<tbody>\n<tr>\n<td width=\"25%\"><\/td>\n<td width=\"25%\"><\/td>\n<td width=\"25%\"><\/td>\n<td width=\"25%\"><\/td>\n<\/tr>\n<\/tbody>\n<\/table>\n","protected":false},"excerpt":{"rendered":"<p> &hellip;<\/p>\n","protected":false},"author":1,"featured_media":0,"parent":0,"menu_order":0,"comment_status":"closed","ping_status":"closed","template":"","meta":[],"_links":{"self":[{"href":"https:\/\/2019.ostravskamuzejninoc.cz\/pl\/wp-json\/wp\/v2\/pages\/1007"}],"collection":[{"href":"https:\/\/2019.ostravskamuzejninoc.cz\/pl\/wp-json\/wp\/v2\/pages"}],"about":[{"href":"https:\/\/2019.ostravskamuzejninoc.cz\/pl\/wp-json\/wp\/v2\/types\/page"}],"author":[{"embeddable":true,"href":"https:\/\/2019.ostravskamuzejninoc.cz\/pl\/wp-json\/wp\/v2\/users\/1"}],"replies":[{"embeddable":true,"href":"https:\/\/2019.ostravskamuzejninoc.cz\/pl\/wp-json\/wp\/v2\/comments?post=1007"}],"version-history":[{"count":15,"href":"https:\/\/2019.ostravskamuzejninoc.cz\/pl\/wp-json\/wp\/v2\/pages\/1007\/revisions"}],"predecessor-version":[{"id":1522,"href":"https:\/\/2019.ostravskamuzejninoc.cz\/pl\/wp-json\/wp\/v2\/pages\/1007\/revisions\/1522"}],"wp:attachment":[{"href":"https:\/\/2019.ostravskamuzejninoc.cz\/pl\/wp-json\/wp\/v2\/media?parent=1007"}],"curies":[{"name":"wp","href":"https:\/\/api.w.org\/{rel}","templated":true}]}}