{"id":1031,"date":"2019-05-20T08:28:04","date_gmt":"2019-05-20T06:28:04","guid":{"rendered":"https:\/\/ostravskamuzejninoc.cz\/2019\/?page_id=1031"},"modified":"2019-06-06T10:39:37","modified_gmt":"2019-06-06T08:39:37","slug":"doprava","status":"publish","type":"page","link":"https:\/\/2019.ostravskamuzejninoc.cz\/pl\/doprava\/","title":{"rendered":"Transport"},"content":{"rendered":"<h1>Doprava<\/h1>\n<p>Pro Ostravskou muzejn\u00ed noc vyprav\u00ed Dopravn\u00ed podnik Ostrava zvl\u00e1\u0161tn\u00ed bezplatn\u00e9 linky, kter\u00e9 zajist\u00ed p\u0159epravu cestuj\u00edc\u00edch mezi z\u00fa\u010dastn\u011bn\u00fdmi institucemi. V\u00a0provozu budou celkem \u010dty\u0159i autobusov\u00e9 linky ozna\u010den\u00e9 p\u00edsmeny A, B, C, D se spole\u010dnou v\u00fdchoz\u00ed zast\u00e1vkou V\u00fdstavi\u0161t\u011b, ze kter\u00e9 jsou pl\u00e1nov\u00e1ny odjezdy jednotliv\u00fdch spoj\u016f v\u00a0ka\u017edou 5., 25. a\u00a045. minutu. Na\u00a0zast\u00e1vce V\u00fdstavi\u0161t\u011b bude mo\u017en\u00fd vz\u00e1jemn\u00fd p\u0159estup mezi jednotliv\u00fdmi autobusov\u00fdmi linkami tak, aby cestuj\u00edc\u00ed mohli nav\u0161t\u00edvit z\u00fa\u010dastn\u011bn\u00e9 kulturn\u00ed instituce.<\/p>\n<h3>Doprava cestuj\u00edc\u00edch na\u00a0v\u0161ech muzejn\u00edch link\u00e1ch je bezplatn\u00e1.<\/h3>\n<h1>J\u00edzdn\u00ed \u0159\u00e1dy muzejn\u00edch linek<\/h1>\n<p><a href=\"https:\/\/2019.ostravskamuzejninoc.cz\/wp-content\/uploads\/2019\/05\/2019_omn_doprava_linka_a_b.pdf\">J\u00edzdn\u00ed \u0159\u00e1dy linek A a B<\/a><\/p>\n<p><a href=\"https:\/\/2019.ostravskamuzejninoc.cz\/wp-content\/uploads\/2019\/05\/2019_omn_doprava_linka_c_d.pdf\">J\u00edzdn\u00ed \u0159\u00e1dy linek C a D<\/a><\/p>\n<div id='gallery-1' class='gallery galleryid-1031 gallery-columns-2 gallery-size-large'><figure class='gallery-item'>\n\t\t\t<div class='gallery-icon landscape'>\n\t\t\t\t<a href='https:\/\/2019.ostravskamuzejninoc.cz\/wp-content\/uploads\/2019\/05\/2019_omn_doprava_mapa_b.jpg'><img width=\"1024\" height=\"724\" src=\"https:\/\/2019.ostravskamuzejninoc.cz\/wp-content\/uploads\/2019\/05\/2019_omn_doprava_mapa_b-1024x724.jpg\" class=\"attachment-large size-large\" alt=\"\" loading=\"lazy\" srcset=\"https:\/\/2019.ostravskamuzejninoc.cz\/wp-content\/uploads\/2019\/05\/2019_omn_doprava_mapa_b-1024x724.jpg 1024w, https:\/\/2019.ostravskamuzejninoc.cz\/wp-content\/uploads\/2019\/05\/2019_omn_doprava_mapa_b-300x212.jpg 300w, https:\/\/2019.ostravskamuzejninoc.cz\/wp-content\/uploads\/2019\/05\/2019_omn_doprava_mapa_b-768x543.jpg 768w, https:\/\/2019.ostravskamuzejninoc.cz\/wp-content\/uploads\/2019\/05\/2019_omn_doprava_mapa_b-173x122.jpg 173w, https:\/\/2019.ostravskamuzejninoc.cz\/wp-content\/uploads\/2019\/05\/2019_omn_doprava_mapa_b.jpg 1240w\" sizes=\"(max-width: 1024px) 100vw, 1024px\" \/><\/a>\n\t\t\t<\/div><\/figure><figure class='gallery-item'>\n\t\t\t<div class='gallery-icon landscape'>\n\t\t\t\t<a href='https:\/\/2019.ostravskamuzejninoc.cz\/wp-content\/uploads\/2019\/05\/2019_omn_doprava_mapa_a.jpg'><img width=\"1024\" height=\"724\" src=\"https:\/\/2019.ostravskamuzejninoc.cz\/wp-content\/uploads\/2019\/05\/2019_omn_doprava_mapa_a-1024x724.jpg\" class=\"attachment-large size-large\" alt=\"\" loading=\"lazy\" srcset=\"https:\/\/2019.ostravskamuzejninoc.cz\/wp-content\/uploads\/2019\/05\/2019_omn_doprava_mapa_a-1024x724.jpg 1024w, https:\/\/2019.ostravskamuzejninoc.cz\/wp-content\/uploads\/2019\/05\/2019_omn_doprava_mapa_a-300x212.jpg 300w, https:\/\/2019.ostravskamuzejninoc.cz\/wp-content\/uploads\/2019\/05\/2019_omn_doprava_mapa_a-768x543.jpg 768w, https:\/\/2019.ostravskamuzejninoc.cz\/wp-content\/uploads\/2019\/05\/2019_omn_doprava_mapa_a-173x122.jpg 173w, https:\/\/2019.ostravskamuzejninoc.cz\/wp-content\/uploads\/2019\/05\/2019_omn_doprava_mapa_a.jpg 1240w\" sizes=\"(max-width: 1024px) 100vw, 1024px\" \/><\/a>\n\t\t\t<\/div><\/figure>\n\t\t<\/div>\n\n","protected":false},"excerpt":{"rendered":"<p> &hellip;<\/p>\n","protected":false},"author":1,"featured_media":0,"parent":0,"menu_order":0,"comment_status":"closed","ping_status":"closed","template":"","meta":[],"_links":{"self":[{"href":"https:\/\/2019.ostravskamuzejninoc.cz\/pl\/wp-json\/wp\/v2\/pages\/1031"}],"collection":[{"href":"https:\/\/2019.ostravskamuzejninoc.cz\/pl\/wp-json\/wp\/v2\/pages"}],"about":[{"href":"https:\/\/2019.ostravskamuzejninoc.cz\/pl\/wp-json\/wp\/v2\/types\/page"}],"author":[{"embeddable":true,"href":"https:\/\/2019.ostravskamuzejninoc.cz\/pl\/wp-json\/wp\/v2\/users\/1"}],"replies":[{"embeddable":true,"href":"https:\/\/2019.ostravskamuzejninoc.cz\/pl\/wp-json\/wp\/v2\/comments?post=1031"}],"version-history":[{"count":9,"href":"https:\/\/2019.ostravskamuzejninoc.cz\/pl\/wp-json\/wp\/v2\/pages\/1031\/revisions"}],"predecessor-version":[{"id":1036,"href":"https:\/\/2019.ostravskamuzejninoc.cz\/pl\/wp-json\/wp\/v2\/pages\/1031\/revisions\/1036"}],"wp:attachment":[{"href":"https:\/\/2019.ostravskamuzejninoc.cz\/pl\/wp-json\/wp\/v2\/media?parent=1031"}],"curies":[{"name":"wp","href":"https:\/\/api.w.org\/{rel}","templated":true}]}}